{"id":1825,"date":"2021-07-09T10:16:33","date_gmt":"2021-07-09T10:16:33","guid":{"rendered":"https:\/\/colivingcenter.com\/index.php\/contact\/"},"modified":"2024-09-12T14:22:59","modified_gmt":"2024-09-12T20:22:59","slug":"contacto","status":"publish","type":"page","link":"https:\/\/www.colivingcenter.com\/en\/contacto\/","title":{"rendered":"GET IN TOUCH"},"content":{"rendered":"<div data-elementor-type=\"wp-page\" data-elementor-id=\"1825\" class=\"elementor elementor-1825\" data-elementor-post-type=\"page\">\n\t\t\t\t\t\t<section class=\"elementor-section elementor-top-section elementor-element elementor-element-430bdad elementor-section-boxed elementor-section-height-default elementor-section-height-default\" data-id=\"430bdad\" data-element_type=\"section\" data-settings=\"{&quot;background_background&quot;:&quot;classic&quot;}\">\n\t\t\t\t\t\t<div class=\"elementor-container elementor-column-gap-no\">\n\t\t\t\t\t<div class=\"elementor-column elementor-col-100 elementor-top-column elementor-element elementor-element-fa722e4\" data-id=\"fa722e4\" data-element_type=\"column\" data-settings=\"{&quot;background_background&quot;:&quot;classic&quot;}\">\n\t\t\t<div class=\"elementor-widget-wrap elementor-element-populated\">\n\t\t\t\t\t\t<div class=\"elementor-element elementor-element-12b8c2e elementor-invisible elementor-widget elementor-widget-icon-box\" data-id=\"12b8c2e\" data-element_type=\"widget\" data-settings=\"{&quot;_animation&quot;:&quot;bounceIn&quot;}\" data-widget_type=\"icon-box.default\">\n\t\t\t\t<div class=\"elementor-widget-container\">\n\t\t\t\t\t\t\t<div class=\"elementor-icon-box-wrapper\">\n\n\t\t\t\n\t\t\t\t\t\t<div class=\"elementor-icon-box-content\">\n\n\t\t\t\t\t\t\t\t\t<h5 class=\"elementor-icon-box-title\">\n\t\t\t\t\t\t<span  >\n\t\t\t\t\t\t\tCONTACT US\t\t\t\t\t\t<\/span>\n\t\t\t\t\t<\/h5>\n\t\t\t\t\n\t\t\t\t\n\t\t\t<\/div>\n\t\t\t\n\t\t<\/div>\n\t\t\t\t\t\t<\/div>\n\t\t\t\t<\/div>\n\t\t\t\t\t<\/div>\n\t\t<\/div>\n\t\t\t\t\t<\/div>\n\t\t<\/section>\n\t\t<div class=\"elementor-element elementor-element-5b8ff4f e-con-full e-flex e-con e-parent\" data-id=\"5b8ff4f\" data-element_type=\"container\" data-settings=\"{&quot;background_background&quot;:&quot;classic&quot;}\">\n\t\t<div class=\"elementor-element elementor-element-3ce8d4c e-flex e-con-boxed e-con e-child\" data-id=\"3ce8d4c\" data-element_type=\"container\">\n\t\t\t\t\t<div class=\"e-con-inner\">\n\t\t\t\t<div class=\"elementor-element elementor-element-67d5324 elementor-widget__width-inherit elementor--h-position-center elementor--v-position-middle elementor-arrows-position-inside elementor-pagination-position-inside elementor-widget elementor-widget-slides\" data-id=\"67d5324\" data-element_type=\"widget\" data-settings=\"{&quot;autoplay_speed&quot;:2500,&quot;navigation&quot;:&quot;both&quot;,&quot;autoplay&quot;:&quot;yes&quot;,&quot;pause_on_hover&quot;:&quot;yes&quot;,&quot;pause_on_interaction&quot;:&quot;yes&quot;,&quot;infinite&quot;:&quot;yes&quot;,&quot;transition&quot;:&quot;slide&quot;,&quot;transition_speed&quot;:500}\" data-widget_type=\"slides.default\">\n\t\t\t\t<div class=\"elementor-widget-container\">\n\t\t\t\t\t\t\t\t\t<div class=\"elementor-swiper\">\n\t\t\t\t\t<div class=\"elementor-slides-wrapper elementor-main-swiper swiper\" role=\"region\" aria-roledescription=\"carousel\" aria-label=\"Slides\" dir=\"ltr\" data-animation=\"fadeInUp\">\n\t\t\t\t<div class=\"swiper-wrapper elementor-slides\">\n\t\t\t\t\t\t\t\t\t\t<div class=\"elementor-repeater-item-df9c69a swiper-slide\" role=\"group\" aria-roledescription=\"slide\"><div class=\"swiper-slide-bg\"><\/div><a class=\"swiper-slide-inner\" href=\"https:\/\/maps.app.goo.gl\/pmBkXVkgjGbt88Vd8\"><div class=\"swiper-slide-contents\"><div class=\"elementor-slide-heading\">Coliving Center Huentit\u00e1n<\/div><div class=\"elementor-slide-description\">Volc\u00e1n Hueytepec 5575, Panor\u00e1mica de Huentit\u00e1n, 44259 Guadalajara, Jal.<\/div><div  class=\"elementor-button elementor-slide-button elementor-size-sm\">Go to location<\/div><\/div><\/a><\/div><div class=\"elementor-repeater-item-7e201b8 swiper-slide\" role=\"group\" aria-roledescription=\"slide\"><div class=\"swiper-slide-bg\"><\/div><a class=\"swiper-slide-inner\" href=\"https:\/\/maps.app.goo.gl\/nNzBYvBZvzEr5Spd9\"><div class=\"swiper-slide-contents\"><div class=\"elementor-slide-heading\">Coliving Center Independencia<\/div><div class=\"elementor-slide-description\">Montes Urales 1203, Independencia Oriente, 44340 Guadalajara, Jal.<\/div><div  class=\"elementor-button elementor-slide-button elementor-size-sm\">Go to location<\/div><\/div><\/a><\/div><div class=\"elementor-repeater-item-b3b0842 swiper-slide\" role=\"group\" aria-roledescription=\"slide\"><div class=\"swiper-slide-bg\"><\/div><a class=\"swiper-slide-inner\" href=\"https:\/\/maps.app.goo.gl\/nRKZXqHrGNH93qh56\"><div class=\"swiper-slide-contents\"><div class=\"elementor-slide-heading\">Coliving Center Tepeyac<\/div><div class=\"elementor-slide-description\">Av. Tepeyac 2948, Miramar, 45060 Zapopan, Jal.<\/div><div  class=\"elementor-button elementor-slide-button elementor-size-sm\">Go to location<\/div><\/div><\/a><\/div><div class=\"elementor-repeater-item-9f07558 swiper-slide\" role=\"group\" aria-roledescription=\"slide\"><div class=\"swiper-slide-bg\"><\/div><a class=\"swiper-slide-inner\" href=\"https:\/\/maps.app.goo.gl\/pmBkXVkgjGbt88Vd8\"><div class=\"swiper-slide-contents\"><div class=\"elementor-slide-heading\">Coliving Center Huentit\u00e1n<\/div><div class=\"elementor-slide-description\">Volc\u00e1n Hueytepec 5575, Panor\u00e1mica de Huentit\u00e1n, 44259 Guadalajara, Jal.<\/div><div  class=\"elementor-button elementor-slide-button elementor-size-sm\">Go to location<\/div><\/div><\/a><\/div><div class=\"elementor-repeater-item-6b6f297 swiper-slide\" role=\"group\" aria-roledescription=\"slide\"><div class=\"swiper-slide-bg\"><\/div><a class=\"swiper-slide-inner\" href=\"https:\/\/maps.app.goo.gl\/nNzBYvBZvzEr5Spd9\"><div class=\"swiper-slide-contents\"><div class=\"elementor-slide-heading\">Coliving Center Independencia<\/div><div class=\"elementor-slide-description\">Montes Urales 1203, Independencia Oriente, 44340 Guadalajara, Jal.<\/div><div  class=\"elementor-button elementor-slide-button elementor-size-sm\">Go to location<\/div><\/div><\/a><\/div><div class=\"elementor-repeater-item-0a2369f swiper-slide\" role=\"group\" aria-roledescription=\"slide\"><div class=\"swiper-slide-bg\"><\/div><a class=\"swiper-slide-inner\" href=\"https:\/\/maps.app.goo.gl\/nRKZXqHrGNH93qh56\"><div class=\"swiper-slide-contents\"><div class=\"elementor-slide-heading\">Coliving Center Tepeyac<\/div><div class=\"elementor-slide-description\">Av. Tepeyac 2948, Miramar, 45060 Zapopan, Jal.<\/div><div  class=\"elementor-button elementor-slide-button elementor-size-sm\">Go to location<\/div><\/div><\/a><\/div>\t\t\t\t<\/div>\n\t\t\t\t\t\t\t\t\t\t\t\t\t\t\t<div class=\"elementor-swiper-button elementor-swiper-button-prev\" role=\"button\" tabindex=\"0\" aria-label=\"Previous slide\">\n\t\t\t\t\t\t\t<i aria-hidden=\"true\" class=\"eicon-chevron-left\"><\/i>\t\t\t\t\t\t<\/div>\n\t\t\t\t\t\t<div class=\"elementor-swiper-button elementor-swiper-button-next\" role=\"button\" tabindex=\"0\" aria-label=\"Next slide\">\n\t\t\t\t\t\t\t<i aria-hidden=\"true\" class=\"eicon-chevron-right\"><\/i>\t\t\t\t\t\t<\/div>\n\t\t\t\t\t\t\t\t\t\t\t\t\t\t\t\t<div class=\"swiper-pagination\"><\/div>\n\t\t\t\t\t\t\t\t\t\t\t\t<\/div>\n\t\t\t\t<\/div>\n\t\t\t\t\t\t\t\t<\/div>\n\t\t\t\t<\/div>\n\t\t\t\t\t<\/div>\n\t\t\t\t<\/div>\n\t\t\t\t<\/div>\n\t\t<div class=\"elementor-element elementor-element-f2ab052 e-flex e-con-boxed e-con e-parent\" data-id=\"f2ab052\" data-element_type=\"container\" data-settings=\"{&quot;background_background&quot;:&quot;classic&quot;,&quot;background_motion_fx_motion_fx_scrolling&quot;:&quot;yes&quot;,&quot;background_motion_fx_devices&quot;:[&quot;desktop&quot;,&quot;tablet&quot;,&quot;mobile&quot;]}\">\n\t\t\t\t\t<div class=\"e-con-inner\">\n\t\t\t\t<div class=\"elementor-element elementor-element-4b74764 elementor-widget elementor-widget-heading\" data-id=\"4b74764\" data-element_type=\"widget\" data-widget_type=\"heading.default\">\n\t\t\t\t<div class=\"elementor-widget-container\">\n\t\t\t\t\t<h2 class=\"elementor-heading-title elementor-size-default\">SOCIAL NETWORKS AND CONTACT<\/h2>\t\t\t\t<\/div>\n\t\t\t\t<\/div>\n\t\t\t\t<div class=\"elementor-element elementor-element-3be8248 elementor-shape-rounded elementor-grid-0 e-grid-align-center elementor-widget elementor-widget-social-icons\" data-id=\"3be8248\" data-element_type=\"widget\" data-widget_type=\"social-icons.default\">\n\t\t\t\t<div class=\"elementor-widget-container\">\n\t\t\t\t\t\t\t<div class=\"elementor-social-icons-wrapper elementor-grid\" role=\"list\">\n\t\t\t\t\t\t\t<span class=\"elementor-grid-item\" role=\"listitem\">\n\t\t\t\t\t<a class=\"elementor-icon elementor-social-icon elementor-social-icon-facebook elementor-repeater-item-3453e49\" href=\"https:\/\/www.facebook.com\/colivingcenter\" target=\"_blank\">\n\t\t\t\t\t\t<span class=\"elementor-screen-only\">Facebook<\/span>\n\t\t\t\t\t\t<i aria-hidden=\"true\" class=\"fab fa-facebook\"><\/i>\t\t\t\t\t<\/a>\n\t\t\t\t<\/span>\n\t\t\t\t\t\t\t<span class=\"elementor-grid-item\" role=\"listitem\">\n\t\t\t\t\t<a class=\"elementor-icon elementor-social-icon elementor-social-icon-instagram elementor-repeater-item-30b1c47\" href=\"http:\/\/www.instagram.com\/coliving_center\" target=\"_blank\">\n\t\t\t\t\t\t<span class=\"elementor-screen-only\">Instagram<\/span>\n\t\t\t\t\t\t<i aria-hidden=\"true\" class=\"fab fa-instagram\"><\/i>\t\t\t\t\t<\/a>\n\t\t\t\t<\/span>\n\t\t\t\t\t\t\t<span class=\"elementor-grid-item\" role=\"listitem\">\n\t\t\t\t\t<a class=\"elementor-icon elementor-social-icon elementor-social-icon-youtube elementor-repeater-item-322c086\" href=\"https:\/\/www.youtube.com\/@colivingcenter\" target=\"_blank\">\n\t\t\t\t\t\t<span class=\"elementor-screen-only\">Youtube<\/span>\n\t\t\t\t\t\t<i aria-hidden=\"true\" class=\"fab fa-youtube\"><\/i>\t\t\t\t\t<\/a>\n\t\t\t\t<\/span>\n\t\t\t\t\t\t\t<span class=\"elementor-grid-item\" role=\"listitem\">\n\t\t\t\t\t<a class=\"elementor-icon elementor-social-icon elementor-social-icon-whatsapp elementor-repeater-item-aa29a97\" href=\"https:\/\/api.whatsapp.com\/send?phone=523333597285&#038;text=Hola,%20visite%20tu%20sitio%20web%20y%20quiero%20rentar%20una%20habitacion%20por%20favor\" target=\"_blank\">\n\t\t\t\t\t\t<span class=\"elementor-screen-only\">Whatsapp<\/span>\n\t\t\t\t\t\t<i aria-hidden=\"true\" class=\"fab fa-whatsapp\"><\/i>\t\t\t\t\t<\/a>\n\t\t\t\t<\/span>\n\t\t\t\t\t\t\t<span class=\"elementor-grid-item\" role=\"listitem\">\n\t\t\t\t\t<a class=\"elementor-icon elementor-social-icon elementor-social-icon-envelope elementor-repeater-item-14a271e\" href=\"mailto:informes@colvilingcenter.com\" target=\"_blank\">\n\t\t\t\t\t\t<span class=\"elementor-screen-only\">Envelope<\/span>\n\t\t\t\t\t\t<i aria-hidden=\"true\" class=\"fas fa-envelope\"><\/i>\t\t\t\t\t<\/a>\n\t\t\t\t<\/span>\n\t\t\t\t\t<\/div>\n\t\t\t\t\t\t<\/div>\n\t\t\t\t<\/div>\n\t\t\t\t\t<\/div>\n\t\t\t\t<\/div>\n\t\t\t\t<\/div>","protected":false},"excerpt":{"rendered":"<p>CONTACTANOS Coliving Center Huentit\u00e1nVolc\u00e1n Hueytepec 5575, Panor\u00e1mica de Huentit\u00e1n, 44259 Guadalajara, Jal.Ver Ubicaci\u00f3nColiving Center IndependenciaMontes Urales 1203, Independencia Oriente, 44340 Guadalajara, Jal.Ver Ubicaci\u00f3nColiving Center TepeyacAv. Tepeyac 2948, Miramar, 45060 Zapopan, Jal.Ver Ubicaci\u00f3nColiving Center Huentit\u00e1nVolc\u00e1n Hueytepec 5575, Panor\u00e1mica de Huentit\u00e1n, 44259 Guadalajara, Jal.Ver Ubicaci\u00f3nColiving Center IndependenciaMontes Urales 1203, Independencia Oriente, 44340 Guadalajara, Jal.Ver Ubicaci\u00f3nColiving Center TepeyacAv. [&hellip;]<\/p>","protected":false},"author":1,"featured_media":0,"parent":0,"menu_order":0,"comment_status":"closed","ping_status":"closed","template":"","meta":{"_eb_attr":"","_uag_custom_page_level_css":"","site-sidebar-layout":"no-sidebar","site-content-layout":"page-builder","ast-site-content-layout":"full-width-container","site-content-style":"unboxed","site-sidebar-style":"unboxed","ast-global-header-display":"","ast-banner-title-visibility":"","ast-main-header-display":"","ast-hfb-above-header-display":"","ast-hfb-below-header-display":"","ast-hfb-mobile-header-display":"","site-post-title":"disabled","ast-breadcrumbs-content":"disabled","ast-featured-img":"disabled","footer-sml-layout":"","theme-transparent-header-meta":"enabled","adv-header-id-meta":"","stick-header-meta":"","header-above-stick-meta":"","header-main-stick-meta":"","header-below-stick-meta":"","astra-migrate-meta-layouts":"set","ast-page-background-enabled":"default","ast-page-background-meta":{"desktop":{"background-color":"","background-image":"","background-repeat":"repeat","background-position":"center center","background-size":"auto","background-attachment":"scroll","background-type":"","background-media":"","overlay-type":"","overlay-color":"","overlay-opacity":"","overlay-gradient":""},"tablet":{"background-color":"","background-image":"","background-repeat":"repeat","background-position":"center center","background-size":"auto","background-attachment":"scroll","background-type":"","background-media":"","overlay-type":"","overlay-color":"","overlay-opacity":"","overlay-gradient":""},"mobile":{"background-color":"","background-image":"","background-repeat":"repeat","background-position":"center center","background-size":"auto","background-attachment":"scroll","background-type":"","background-media":"","overlay-type":"","overlay-color":"","overlay-opacity":"","overlay-gradient":""}},"ast-content-background-meta":{"desktop":{"background-color":"var(--ast-global-color-5)","background-image":"","background-repeat":"repeat","background-position":"center center","background-size":"auto","background-attachment":"scroll","background-type":"","background-media":"","overlay-type":"","overlay-color":"","overlay-opacity":"","overlay-gradient":""},"tablet":{"background-color":"var(--ast-global-color-5)","background-image":"","background-repeat":"repeat","background-position":"center center","background-size":"auto","background-attachment":"scroll","background-type":"","background-media":"","overlay-type":"","overlay-color":"","overlay-opacity":"","overlay-gradient":""},"mobile":{"background-color":"var(--ast-global-color-5)","background-image":"","background-repeat":"repeat","background-position":"center center","background-size":"auto","background-attachment":"scroll","background-type":"","background-media":"","overlay-type":"","overlay-color":"","overlay-opacity":"","overlay-gradient":""}},"footnotes":""},"class_list":["post-1825","page","type-page","status-publish","hentry"],"uagb_featured_image_src":{"full":false,"thumbnail":false,"medium":false,"medium_large":false,"large":false,"1536x1536":false,"2048x2048":false,"trp-custom-language-flag":false},"uagb_author_info":{"display_name":"admin","author_link":"https:\/\/www.colivingcenter.com\/en\/author\/colivingcenter\/"},"uagb_comment_info":0,"uagb_excerpt":"CONTACTANOS Coliving Center Huentit\u00e1nVolc\u00e1n Hueytepec 5575, Panor\u00e1mica de Huentit\u00e1n, 44259 Guadalajara, Jal.Ver Ubicaci\u00f3nColiving Center IndependenciaMontes Urales 1203, Independencia Oriente, 44340 Guadalajara, Jal.Ver Ubicaci\u00f3nColiving Center TepeyacAv. Tepeyac 2948, Miramar, 45060 Zapopan, Jal.Ver Ubicaci\u00f3nColiving Center Huentit\u00e1nVolc\u00e1n Hueytepec 5575, Panor\u00e1mica de Huentit\u00e1n, 44259 Guadalajara, Jal.Ver Ubicaci\u00f3nColiving Center IndependenciaMontes Urales 1203, Independencia Oriente, 44340 Guadalajara, Jal.Ver Ubicaci\u00f3nColiving Center TepeyacAv.&hellip;","_links":{"self":[{"href":"https:\/\/www.colivingcenter.com\/en\/wp-json\/wp\/v2\/pages\/1825","targetHints":{"allow":["GET"]}}],"collection":[{"href":"https:\/\/www.colivingcenter.com\/en\/wp-json\/wp\/v2\/pages"}],"about":[{"href":"https:\/\/www.colivingcenter.com\/en\/wp-json\/wp\/v2\/types\/page"}],"author":[{"embeddable":true,"href":"https:\/\/www.colivingcenter.com\/en\/wp-json\/wp\/v2\/users\/1"}],"replies":[{"embeddable":true,"href":"https:\/\/www.colivingcenter.com\/en\/wp-json\/wp\/v2\/comments?post=1825"}],"version-history":[{"count":248,"href":"https:\/\/www.colivingcenter.com\/en\/wp-json\/wp\/v2\/pages\/1825\/revisions"}],"predecessor-version":[{"id":4883,"href":"https:\/\/www.colivingcenter.com\/en\/wp-json\/wp\/v2\/pages\/1825\/revisions\/4883"}],"wp:attachment":[{"href":"https:\/\/www.colivingcenter.com\/en\/wp-json\/wp\/v2\/media?parent=1825"}],"curies":[{"name":"wp","href":"https:\/\/api.w.org\/{rel}","templated":true}]}}